{"id":47627,"date":"2024-02-20T10:34:56","date_gmt":"2024-02-20T09:34:56","guid":{"rendered":"https:\/\/dev.nortekhvac.eu\/product\/theta\/"},"modified":"2024-09-11T10:01:00","modified_gmt":"2024-09-11T08:01:00","slug":"theta","status":"publish","type":"product","link":"https:\/\/www.molimextherm.com\/nl\/product\/theta\/","title":{"rendered":"Theta"},"content":{"rendered":"<p>Theta Dual Service is A.O. Smith&#8217;s unieke manier om de HR- toestellen BFC, SGE en SGS voor zowel verwarming als warm water toe te passen. Vanuit \u00e9\u00e9n toestel en \u00e9\u00e9n besturing kan de gehele installatie bestuurd worden.<\/p>\n","protected":false},"excerpt":{"rendered":"<p>A.O.Smith &#8211; Theta dubbele service<\/p>\n","protected":false},"featured_media":0,"template":"","meta":[],"product_brand":[],"product_cat":[2886],"product_tag":[],"class_list":{"0":"post-47627","1":"product","2":"type-product","3":"status-publish","5":"product_cat-rookgasafvoer-accessoires-nl-2","7":"first","8":"outofstock","9":"taxable","10":"shipping-taxable","11":"product-type-simple"},"acf":[],"_links":{"self":[{"href":"https:\/\/www.molimextherm.com\/nl\/wp-json\/wp\/v2\/product\/47627","targetHints":{"allow":["GET"]}}],"collection":[{"href":"https:\/\/www.molimextherm.com\/nl\/wp-json\/wp\/v2\/product"}],"about":[{"href":"https:\/\/www.molimextherm.com\/nl\/wp-json\/wp\/v2\/types\/product"}],"wp:attachment":[{"href":"https:\/\/www.molimextherm.com\/nl\/wp-json\/wp\/v2\/media?parent=47627"}],"wp:term":[{"taxonomy":"product_brand","embeddable":true,"href":"https:\/\/www.molimextherm.com\/nl\/wp-json\/wp\/v2\/product_brand?post=47627"},{"taxonomy":"product_cat","embeddable":true,"href":"https:\/\/www.molimextherm.com\/nl\/wp-json\/wp\/v2\/product_cat?post=47627"},{"taxonomy":"product_tag","embeddable":true,"href":"https:\/\/www.molimextherm.com\/nl\/wp-json\/wp\/v2\/product_tag?post=47627"}],"curies":[{"name":"wp","href":"https:\/\/api.w.org\/{rel}","templated":true}]}}